{"id":3018,"date":"2026-01-10T03:21:21","date_gmt":"2026-01-10T03:21:21","guid":{"rendered":"https:\/\/swell-adventures.com\/?post_type=product&#038;p=3018"},"modified":"2026-05-08T12:27:48","modified_gmt":"2026-05-08T12:27:48","slug":"el-salvador-2026","status":"publish","type":"product","link":"https:\/\/swell-adventures.com\/pt\/adventures\/el-salvador-2026\/","title":{"rendered":"El Salvador - Las Flores e El Sunzal"},"content":{"rendered":"<h4><strong><span class=\"OYPEnA font-feature-liga-off font-feature-clig-off font-feature-calt-off text-decoration-none text-strikethrough-none\">Ondas de Classe Mundial em El Salvador<\/span><\/strong><\/h4>\n<p><span class=\"OYPEnA font-feature-liga-off font-feature-clig-off font-feature-calt-off text-decoration-none text-strikethrough-none\">As ondas mais famosas de El Salvador est\u00e3o em Las Flores e Punta Mango, no leste, e Punta Roca, no oeste.<\/span><\/p>\n<p><span class=\"OYPEnA font-feature-liga-off font-feature-clig-off font-feature-calt-off text-decoration-none text-strikethrough-none\">No leste, a apenas cinco minutos de carro a oeste da vila de pescadores de El Cuco, voc\u00ea encontra Playa Las Flores, uma linda praia de areia com um point break de direita muito longo e consistente.<\/span><\/p>\n<p><span class=\"OYPEnA font-feature-liga-off font-feature-clig-off font-feature-calt-off text-decoration-none text-strikethrough-none\">Punta Mango fica cerca de 15 minutos a oeste de Las Flores e s\u00f3 \u00e9 acess\u00edvel de barco ou ve\u00edculo 4x4. E n\u00e3o crie muitas expectativas com o nome: n\u00e3o h\u00e1 mangueiras por l\u00e1..o lugar recebeu esse nome por causa da praia pr\u00f3xima chamada Playa Mango.<\/span><\/p>\n<h4><\/h4>\n<h4><span class=\"OYPEnA font-feature-liga-off font-feature-clig-off font-feature-calt-off text-decoration-none text-strikethrough-none\">Las Flores<\/span><\/h4>\n<p><span class=\"OYPEnA font-feature-liga-off font-feature-clig-off font-feature-calt-off text-decoration-none text-strikethrough-none\">A melhor \u00e9poca do ano para surfar Las Flores, com ondas consistentes e limpas (swell surf\u00e1vel com vento leve ou offshore), \u00e9 durante o inverno local: de maio a outubro.<\/span><\/p>\n<p><span class=\"OYPEnA font-feature-liga-off font-feature-clig-off font-feature-calt-off text-decoration-none text-strikethrough-none\">\u00c9 um point break de direita muito consistente. O pico \u00e9 um point de areia bem em frente ao hotel que quebra de forma bem mec\u00e2nica, com takeoff mais cavado na mar\u00e9 baixa (mais suave na mar\u00e9 cheia) e rides longos que podem chegar a 300 metros, muitas vezes comparado a Jeffrey\u2019s Bay ou Bells Beach.<\/span><\/p>\n<p><span class=\"OYPEnA font-feature-liga-off font-feature-clig-off font-feature-calt-off text-decoration-none text-strikethrough-none\">Com swells pequenos a moderados (faces de 3 a 5 p\u00e9s) ou mar\u00e9s mais cheias, Las Flores vira um cl\u00e1ssico point de areia, muito divertido para shortboard, fish ou longboard, com paredes longas e abertas e se\u00e7\u00f5es perfeitas para manobras, compar\u00e1vel a um bom dia em Rincon ou Noosa. O pico pode praticamente parar de quebrar na mar\u00e9 muito cheia se o swell for pequeno, mas com swells maiores a mar\u00e9 cheia fica mais surf\u00e1vel.<\/span><\/p>\n<h4><\/h4>\n<h4><span class=\"OYPEnA font-feature-liga-off font-feature-clig-off font-feature-calt-off text-decoration-none text-strikethrough-none\">El Sunzal &amp; El Tunco<\/span><\/h4>\n<p><span class=\"OYPEnA font-feature-liga-off font-feature-clig-off font-feature-calt-off font-size-modifier text-decoration-none text-strikethrough-none\">\u00c9 uma onda relativamente longa, uma esp\u00e9cie de Chicama de direita em vers\u00e3o menor. O acesso ao pico \u00e9 f\u00e1cil, pois existe um canal sem ondas ao lado do point.<\/span><\/p>\n<p><span class=\"OYPEnA font-feature-liga-off font-feature-clig-off font-feature-calt-off font-size-modifier text-decoration-none text-strikethrough-none\">Playa El Tunco recebeu esse nome por causa de uma grande rocha preta parcialmente submersa que lembra um porco virado de cabe\u00e7a para baixo. As pedras cobrem boa parte da praia e mudam de posi\u00e7\u00e3o com as mar\u00e9s. Durante a esta\u00e7\u00e3o seca, a areia forma uma bela praia de areia preta.<\/span><\/p>","protected":false},"excerpt":{"rendered":"<p>El Salvador Surf Trip for intermediate surfers: 7 nights in El Tunco &amp; Las Flores, daily coaching + video analysis, small crew, local guides, airport transfer.<\/p>","protected":false},"featured_media":1343,"comment_status":"open","ping_status":"closed","template":"","meta":{"_acf_changed":false},"product_brand":[],"product_cat":[24],"product_tag":[],"class_list":{"0":"post-3018","1":"product","2":"type-product","3":"status-publish","4":"has-post-thumbnail","6":"product_cat-el-salvador","8":"first","9":"instock","10":"featured","11":"virtual","12":"sold-individually","13":"purchasable","14":"product-type-simple"},"acf":[],"_links":{"self":[{"href":"https:\/\/swell-adventures.com\/pt\/wp-json\/wp\/v2\/product\/3018","targetHints":{"allow":["GET"]}}],"collection":[{"href":"https:\/\/swell-adventures.com\/pt\/wp-json\/wp\/v2\/product"}],"about":[{"href":"https:\/\/swell-adventures.com\/pt\/wp-json\/wp\/v2\/types\/product"}],"replies":[{"embeddable":true,"href":"https:\/\/swell-adventures.com\/pt\/wp-json\/wp\/v2\/comments?post=3018"}],"wp:featuredmedia":[{"embeddable":true,"href":"https:\/\/swell-adventures.com\/pt\/wp-json\/wp\/v2\/media\/1343"}],"wp:attachment":[{"href":"https:\/\/swell-adventures.com\/pt\/wp-json\/wp\/v2\/media?parent=3018"}],"wp:term":[{"taxonomy":"product_brand","embeddable":true,"href":"https:\/\/swell-adventures.com\/pt\/wp-json\/wp\/v2\/product_brand?post=3018"},{"taxonomy":"product_cat","embeddable":true,"href":"https:\/\/swell-adventures.com\/pt\/wp-json\/wp\/v2\/product_cat?post=3018"},{"taxonomy":"product_tag","embeddable":true,"href":"https:\/\/swell-adventures.com\/pt\/wp-json\/wp\/v2\/product_tag?post=3018"}],"curies":[{"name":"wp","href":"https:\/\/api.w.org\/{rel}","templated":true}]}}